{"id":539,"date":"2020-12-15T03:05:42","date_gmt":"2020-12-15T03:05:42","guid":{"rendered":"https:\/\/www.optiquethill.lu\/home\/"},"modified":"2021-04-09T08:32:11","modified_gmt":"2021-04-09T08:32:11","slug":"home","status":"publish","type":"page","link":"https:\/\/www.optiquethill.lu\/de\/","title":{"rendered":"Home"},"content":{"rendered":"","protected":false},"excerpt":{"rendered":"","protected":false},"author":5,"featured_media":696,"parent":0,"menu_order":0,"comment_status":"closed","ping_status":"closed","template":"template-home.php","meta":{"inline_featured_image":false,"footnotes":""},"class_list":["post-539","page","type-page","status-publish","has-post-thumbnail","hentry"],"acf":[],"yoast_head":"<!-- This site is optimized with the Yoast SEO plugin v23.1 - https:\/\/yoast.com\/wordpress\/plugins\/seo\/ -->\n<title>Optique Thill - Qualifizierter Augenoptiker und Optometrist - Luxemburg<\/title>\n<meta name=\"description\" content=\"Wir bieten eine gro\u00dfe Kollektion an ma\u00dfgeschneiderten Brillen von f\u00fchrenden Marken.\" \/>\n<meta name=\"robots\" content=\"index, follow, max-snippet:-1, max-image-preview:large, max-video-preview:-1\" \/>\n<link rel=\"canonical\" href=\"https:\/\/www.optiquethill.lu\/de\/\" \/>\n<meta property=\"og:locale\" content=\"de_DE\" \/>\n<meta property=\"og:type\" content=\"article\" \/>\n<meta property=\"og:title\" content=\"Optique Thill - Qualifizierter Augenoptiker und Optometrist - Luxemburg\" \/>\n<meta property=\"og:description\" content=\"Wir bieten eine gro\u00dfe Kollektion an ma\u00dfgeschneiderten Brillen von f\u00fchrenden Marken.\" \/>\n<meta property=\"og:url\" content=\"https:\/\/www.optiquethill.lu\/de\/\" \/>\n<meta property=\"og:site_name\" content=\"Optique Thill\" \/>\n<meta property=\"article:modified_time\" content=\"2021-04-09T08:32:11+00:00\" \/>\n<meta property=\"og:image\" content=\"https:\/\/www.optiquethill.lu\/wp-content\/uploads\/2021\/04\/optique-thill.jpg\" \/>\n\t<meta property=\"og:image:width\" content=\"200\" \/>\n\t<meta property=\"og:image:height\" content=\"200\" \/>\n\t<meta property=\"og:image:type\" content=\"image\/jpeg\" \/>\n<meta name=\"twitter:card\" content=\"summary_large_image\" \/>\n<script type=\"application\/ld+json\" class=\"yoast-schema-graph\">{\"@context\":\"https:\/\/schema.org\",\"@graph\":[{\"@type\":\"WebPage\",\"@id\":\"https:\/\/www.optiquethill.lu\/de\/\",\"url\":\"https:\/\/www.optiquethill.lu\/de\/\",\"name\":\"Optique Thill - Qualifizierter Augenoptiker und Optometrist - Luxemburg\",\"isPartOf\":{\"@id\":\"https:\/\/www.optiquethill.lu\/de\/#website\"},\"primaryImageOfPage\":{\"@id\":\"https:\/\/www.optiquethill.lu\/de\/#primaryimage\"},\"image\":{\"@id\":\"https:\/\/www.optiquethill.lu\/de\/#primaryimage\"},\"thumbnailUrl\":\"https:\/\/www.optiquethill.lu\/wp-content\/uploads\/2021\/04\/optique-thill.jpg\",\"datePublished\":\"2020-12-15T03:05:42+00:00\",\"dateModified\":\"2021-04-09T08:32:11+00:00\",\"description\":\"Wir bieten eine gro\u00dfe Kollektion an ma\u00dfgeschneiderten Brillen von f\u00fchrenden Marken.\",\"breadcrumb\":{\"@id\":\"https:\/\/www.optiquethill.lu\/de\/#breadcrumb\"},\"inLanguage\":\"de-DE\",\"potentialAction\":[{\"@type\":\"ReadAction\",\"target\":[\"https:\/\/www.optiquethill.lu\/de\/\"]}]},{\"@type\":\"ImageObject\",\"inLanguage\":\"de-DE\",\"@id\":\"https:\/\/www.optiquethill.lu\/de\/#primaryimage\",\"url\":\"https:\/\/www.optiquethill.lu\/wp-content\/uploads\/2021\/04\/optique-thill.jpg\",\"contentUrl\":\"https:\/\/www.optiquethill.lu\/wp-content\/uploads\/2021\/04\/optique-thill.jpg\",\"width\":200,\"height\":200},{\"@type\":\"BreadcrumbList\",\"@id\":\"https:\/\/www.optiquethill.lu\/de\/#breadcrumb\",\"itemListElement\":[{\"@type\":\"ListItem\",\"position\":1,\"name\":\"Accueil\",\"item\":\"https:\/\/www.optiquethill.lu\/de\/\"},{\"@type\":\"ListItem\",\"position\":2,\"name\":\"Home\"}]},{\"@type\":\"WebSite\",\"@id\":\"https:\/\/www.optiquethill.lu\/de\/#website\",\"url\":\"https:\/\/www.optiquethill.lu\/de\/\",\"name\":\"Optique Thill\",\"description\":\"Opticien d&#039;exception depuis 1978\",\"publisher\":{\"@id\":\"https:\/\/www.optiquethill.lu\/de\/#organization\"},\"potentialAction\":[{\"@type\":\"SearchAction\",\"target\":{\"@type\":\"EntryPoint\",\"urlTemplate\":\"https:\/\/www.optiquethill.lu\/de\/?s={search_term_string}\"},\"query-input\":\"required name=search_term_string\"}],\"inLanguage\":\"de-DE\"},{\"@type\":\"Organization\",\"@id\":\"https:\/\/www.optiquethill.lu\/de\/#organization\",\"name\":\"Optique Thill\",\"url\":\"https:\/\/www.optiquethill.lu\/de\/\",\"logo\":{\"@type\":\"ImageObject\",\"inLanguage\":\"de-DE\",\"@id\":\"https:\/\/www.optiquethill.lu\/de\/#\/schema\/logo\/image\/\",\"url\":\"https:\/\/www.optiquethill.lu\/wp-content\/uploads\/2021\/02\/logo-1-1.svg\",\"contentUrl\":\"https:\/\/www.optiquethill.lu\/wp-content\/uploads\/2021\/02\/logo-1-1.svg\",\"width\":1,\"height\":1,\"caption\":\"Optique Thill\"},\"image\":{\"@id\":\"https:\/\/www.optiquethill.lu\/de\/#\/schema\/logo\/image\/\"}}]}<\/script>\n<!-- \/ Yoast SEO plugin. -->","yoast_head_json":{"title":"Optique Thill - Qualifizierter Augenoptiker und Optometrist - Luxemburg","description":"Wir bieten eine gro\u00dfe Kollektion an ma\u00dfgeschneiderten Brillen von f\u00fchrenden Marken.","robots":{"index":"index","follow":"follow","max-snippet":"max-snippet:-1","max-image-preview":"max-image-preview:large","max-video-preview":"max-video-preview:-1"},"canonical":"https:\/\/www.optiquethill.lu\/de\/","og_locale":"de_DE","og_type":"article","og_title":"Optique Thill - Qualifizierter Augenoptiker und Optometrist - Luxemburg","og_description":"Wir bieten eine gro\u00dfe Kollektion an ma\u00dfgeschneiderten Brillen von f\u00fchrenden Marken.","og_url":"https:\/\/www.optiquethill.lu\/de\/","og_site_name":"Optique Thill","article_modified_time":"2021-04-09T08:32:11+00:00","og_image":[{"width":200,"height":200,"url":"https:\/\/www.optiquethill.lu\/wp-content\/uploads\/2021\/04\/optique-thill.jpg","type":"image\/jpeg"}],"twitter_card":"summary_large_image","schema":{"@context":"https:\/\/schema.org","@graph":[{"@type":"WebPage","@id":"https:\/\/www.optiquethill.lu\/de\/","url":"https:\/\/www.optiquethill.lu\/de\/","name":"Optique Thill - Qualifizierter Augenoptiker und Optometrist - Luxemburg","isPartOf":{"@id":"https:\/\/www.optiquethill.lu\/de\/#website"},"primaryImageOfPage":{"@id":"https:\/\/www.optiquethill.lu\/de\/#primaryimage"},"image":{"@id":"https:\/\/www.optiquethill.lu\/de\/#primaryimage"},"thumbnailUrl":"https:\/\/www.optiquethill.lu\/wp-content\/uploads\/2021\/04\/optique-thill.jpg","datePublished":"2020-12-15T03:05:42+00:00","dateModified":"2021-04-09T08:32:11+00:00","description":"Wir bieten eine gro\u00dfe Kollektion an ma\u00dfgeschneiderten Brillen von f\u00fchrenden Marken.","breadcrumb":{"@id":"https:\/\/www.optiquethill.lu\/de\/#breadcrumb"},"inLanguage":"de-DE","potentialAction":[{"@type":"ReadAction","target":["https:\/\/www.optiquethill.lu\/de\/"]}]},{"@type":"ImageObject","inLanguage":"de-DE","@id":"https:\/\/www.optiquethill.lu\/de\/#primaryimage","url":"https:\/\/www.optiquethill.lu\/wp-content\/uploads\/2021\/04\/optique-thill.jpg","contentUrl":"https:\/\/www.optiquethill.lu\/wp-content\/uploads\/2021\/04\/optique-thill.jpg","width":200,"height":200},{"@type":"BreadcrumbList","@id":"https:\/\/www.optiquethill.lu\/de\/#breadcrumb","itemListElement":[{"@type":"ListItem","position":1,"name":"Accueil","item":"https:\/\/www.optiquethill.lu\/de\/"},{"@type":"ListItem","position":2,"name":"Home"}]},{"@type":"WebSite","@id":"https:\/\/www.optiquethill.lu\/de\/#website","url":"https:\/\/www.optiquethill.lu\/de\/","name":"Optique Thill","description":"Opticien d&#039;exception depuis 1978","publisher":{"@id":"https:\/\/www.optiquethill.lu\/de\/#organization"},"potentialAction":[{"@type":"SearchAction","target":{"@type":"EntryPoint","urlTemplate":"https:\/\/www.optiquethill.lu\/de\/?s={search_term_string}"},"query-input":"required name=search_term_string"}],"inLanguage":"de-DE"},{"@type":"Organization","@id":"https:\/\/www.optiquethill.lu\/de\/#organization","name":"Optique Thill","url":"https:\/\/www.optiquethill.lu\/de\/","logo":{"@type":"ImageObject","inLanguage":"de-DE","@id":"https:\/\/www.optiquethill.lu\/de\/#\/schema\/logo\/image\/","url":"https:\/\/www.optiquethill.lu\/wp-content\/uploads\/2021\/02\/logo-1-1.svg","contentUrl":"https:\/\/www.optiquethill.lu\/wp-content\/uploads\/2021\/02\/logo-1-1.svg","width":1,"height":1,"caption":"Optique Thill"},"image":{"@id":"https:\/\/www.optiquethill.lu\/de\/#\/schema\/logo\/image\/"}}]}},"_links":{"self":[{"href":"https:\/\/www.optiquethill.lu\/de\/wp-json\/wp\/v2\/pages\/539"}],"collection":[{"href":"https:\/\/www.optiquethill.lu\/de\/wp-json\/wp\/v2\/pages"}],"about":[{"href":"https:\/\/www.optiquethill.lu\/de\/wp-json\/wp\/v2\/types\/page"}],"author":[{"embeddable":true,"href":"https:\/\/www.optiquethill.lu\/de\/wp-json\/wp\/v2\/users\/5"}],"replies":[{"embeddable":true,"href":"https:\/\/www.optiquethill.lu\/de\/wp-json\/wp\/v2\/comments?post=539"}],"version-history":[{"count":2,"href":"https:\/\/www.optiquethill.lu\/de\/wp-json\/wp\/v2\/pages\/539\/revisions"}],"predecessor-version":[{"id":680,"href":"https:\/\/www.optiquethill.lu\/de\/wp-json\/wp\/v2\/pages\/539\/revisions\/680"}],"wp:featuredmedia":[{"embeddable":true,"href":"https:\/\/www.optiquethill.lu\/de\/wp-json\/wp\/v2\/media\/696"}],"wp:attachment":[{"href":"https:\/\/www.optiquethill.lu\/de\/wp-json\/wp\/v2\/media?parent=539"}],"curies":[{"name":"wp","href":"https:\/\/api.w.org\/{rel}","templated":true}]}}